{"id":2,"date":"2026-05-14T17:15:40","date_gmt":"2026-05-14T15:15:40","guid":{"rendered":"https:\/\/calma.fase2383.odns.fr\/?page_id=2"},"modified":"2026-05-14T18:11:37","modified_gmt":"2026-05-14T16:11:37","slug":"page-d-exemple","status":"publish","type":"page","link":"https:\/\/calma.katorze.com\/","title":{"rendered":"Page d\u2019exemple"},"content":{"rendered":"\n<figure itemscope itemtype=\"https:\/\/schema.org\/ImageObject\">\n\t\t\t\t<img decoding=\"async\" src=\"https:\/\/fase2383.odns.fr\/calma_blanca\/wp-content\/uploads\/2026\/05\/villa-calma-blanca-logo-home.jpg\" alt=\"villa-calma-blanca-logo-home\" height=\"442\" width=\"868\" title=\"villa-calma-blanca-logo-home\" onerror=\"this.style.display='none'\" loading=\"lazy\" \/>\n\t<\/figure>\n\t<address>Calma Blanca \u2022 195 route de Fontmarie \u2022 34160 Castries \u2022 H\u00e9rault \u2022 France\n<ul>\n \t <a href=\"tel:+33603683836\">+33603683836<\/a> \n\t<p><strong>Elle se situe \u00e0 la sortie du village de Castries aux portes de la pleine nature et des magnifiques sentiers de randonn\u00e9es permettant d'acc\u00e9der\u00a0jusqu'au Pic St-Loup.<\/strong><\/p>\n<p><strong>Cette maison d'exception peut accueillir jusqu'\u00e0 15\u00a0personnes avec 8 chambres (dont 5 en suite) et un dortoir 6 places. Parmi ces chambres,\u00a0quatre sont accessibles sans marche.<\/strong><\/p>\n<p><strong>D\u00e9couvrez \u00e9galement son grand s\u00e9jour, sa cuisine toute \u00e9quip\u00e9e, sa terrasse de plus de 200 m2 et son patio intimiste.<\/strong><\/p>\n<p><strong>Piscine chauff\u00e9e, jardin arbor\u00e9, terrasse ombrag\u00e9e.<\/strong><\/p>\n\t<h3>Calma Blanca saura s\u00e9duire les amateurs de tranquillit\u00e9 tout en \u00e9tant \u00e0 proximit\u00e9 de :<\/h3>\n<p>- Montpellier (15 min)<\/p>\n<p>- Plages (20 min)<\/p>\n<p>- Gare SNCF de Baillargues (6 min)<\/p>\n<p>- Sommi\u00e8res et son march\u00e9 (15 min) du samedi matin<\/p>\n<p>\u00c0 5 minutes \u00e0 pied du club de Tennis &amp; Padel de Castries et du domaine de Fondespierre.<\/p>\n<p>&nbsp;<\/p>\n\t<h2>Calma Blanca est compos\u00e9e de :<\/h2>\n<p>- de 7 chambres (dont 5 en suite avec salle d'eau et lit King size)<\/p>\n<p>- un grand salon,<\/p>\n<p>- une cuisine \u00e9quip\u00e9e avec ilot\u00a012 places assises,<\/p>\n<p>- un espace salle \u00e0 manger pour 16 personnes,<\/p>\n<p>- d'un toilette invit\u00e9 avec lave main,<\/p>\n<p>- d'un patio intimiste,<\/p>\n<p>- de TV connect\u00e9e avec acc\u00e8s Netflix et Amazon Tv<\/p>\n<p>- d'une buanderie<\/p>\n<p>- d'une chemin\u00e9e (en fonctionnement en hiver sur demande pr\u00e9alable)<\/p>\n<p>- la climatisation r\u00e9versible.<\/p>\n<p>La terrasse ext\u00e9rieure peut accueillir 40 convives\u00a0(pour les repas familiaux avec des personnes invit\u00e9es en journ\u00e9e).<\/p>\n\t<h2>Les services compris :<\/h2>\n<p>M\u00e9nage de mi-s\u00e9jour (nettoyages des sols, chambres et salles de bain) pour une location minimum de 7 nuits.<\/p>\n<p>Entretien piscine et espaces verts.<\/p>\n<p>\u00c0 votre arriv\u00e9e, vous serez accueilli par notre h\u00f4te d\u00e9di\u00e9e, pr\u00eate \u00e0 vous faire d\u00e9couvrir ce lieu exceptionnel. Pour bien commencer votre s\u00e9jour, un cadeau de bienvenue vous attendra.<\/p>\n<p>Les lits seront pr\u00eats pour votre confort, avec des draps impeccables et une literie de qualit\u00e9. De plus, des serviettes de bain sont \u00e0 votre disposition sur place. Pour encore plus de commodit\u00e9, une bo\u00eete \u00e0 cl\u00e9 s\u00e9curis\u00e9e est disponible, vous offrant la libert\u00e9 d'organiser votre arriv\u00e9e \u00e0 votre guise.<\/p>\n\t<p>&nbsp;<\/p>\n<h2>Les services en option :<\/h2>\n<p>M\u00e9nage suppl\u00e9mentaire<\/p>\n<p>Changement de serviettes<\/p>\n<p>Changement de draps<\/p>\n<p>Service de Conciergerie disponible sur demande.<\/p>\n<p>Les f\u00eates ne sont pas autoris\u00e9es \u00e0 Calma Blanca,\u00a0le bruit est\u00a0interdit apr\u00e8s 23h.<\/p>\n<p>Maison non fumeur (possible sur les terrasses en respectant la v\u00e9g\u00e9tation).<\/p>\n<p>Une caution de 10 000 \u20ac doit \u00eatre r\u00e9gl\u00e9e avant l'arriv\u00e9e et sera restitu\u00e9e lors du d\u00e9part.<\/p>\n<\/ul><\/address>\n","protected":false},"excerpt":{"rendered":"<p>Calma Blanca \u2022 195 route de Fontmarie \u2022 34160 Castries \u2022 H\u00e9rault \u2022 France +33603683836 Elle se situe \u00e0 la [&hellip;]<\/p>\n","protected":false},"author":1,"featured_media":0,"parent":0,"menu_order":0,"comment_status":"closed","ping_status":"open","template":"","meta":{"site-sidebar-layout":"default","site-content-layout":"","ast-site-content-layout":"full-width-container","site-content-style":"default","site-sidebar-style":"default","ast-global-header-display":"disabled","ast-banner-title-visibility":"disabled","ast-main-header-display":"disabled","ast-hfb-above-header-display":"","ast-hfb-below-header-display":"","ast-hfb-mobile-header-display":"disabled","site-post-title":"disabled","ast-breadcrumbs-content":"","ast-featured-img":"","footer-sml-layout":"disabled","ast-disable-related-posts":"","theme-transparent-header-meta":"","adv-header-id-meta":"","stick-header-meta":"","header-above-stick-meta":"","header-main-stick-meta":"","header-below-stick-meta":"","astra-migrate-meta-layouts":"default","ast-page-background-enabled":"default","ast-page-background-meta":{"desktop":{"background-color":"var(--ast-global-color-5)","background-image":"","background-repeat":"repeat","background-position":"center center","background-size":"auto","background-attachment":"scroll","background-type":"","background-media":"","overlay-type":"","overlay-color":"","overlay-opacity":"","overlay-gradient":""},"tablet":{"background-color":"","background-image":"","background-repeat":"repeat","background-position":"center center","background-size":"auto","background-attachment":"scroll","background-type":"","background-media":"","overlay-type":"","overlay-color":"","overlay-opacity":"","overlay-gradient":""},"mobile":{"background-color":"","background-image":"","background-repeat":"repeat","background-position":"center center","background-size":"auto","background-attachment":"scroll","background-type":"","background-media":"","overlay-type":"","overlay-color":"","overlay-opacity":"","overlay-gradient":""}},"ast-content-background-meta":{"desktop":{"background-color":"var(--ast-global-color-4)","background-image":"","background-repeat":"repeat","background-position":"center center","background-size":"auto","background-attachment":"scroll","background-type":"","background-media":"","overlay-type":"","overlay-color":"","overlay-opacity":"","overlay-gradient":""},"tablet":{"background-color":"var(--ast-global-color-4)","background-image":"","background-repeat":"repeat","background-position":"center center","background-size":"auto","background-attachment":"scroll","background-type":"","background-media":"","overlay-type":"","overlay-color":"","overlay-opacity":"","overlay-gradient":""},"mobile":{"background-color":"var(--ast-global-color-4)","background-image":"","background-repeat":"repeat","background-position":"center center","background-size":"auto","background-attachment":"scroll","background-type":"","background-media":"","overlay-type":"","overlay-color":"","overlay-opacity":"","overlay-gradient":""}},"footnotes":""},"class_list":["post-2","page","type-page","status-publish","hentry"],"_links":{"self":[{"href":"https:\/\/calma.katorze.com\/index.php?rest_route=\/wp\/v2\/pages\/2","targetHints":{"allow":["GET"]}}],"collection":[{"href":"https:\/\/calma.katorze.com\/index.php?rest_route=\/wp\/v2\/pages"}],"about":[{"href":"https:\/\/calma.katorze.com\/index.php?rest_route=\/wp\/v2\/types\/page"}],"author":[{"embeddable":true,"href":"https:\/\/calma.katorze.com\/index.php?rest_route=\/wp\/v2\/users\/1"}],"replies":[{"embeddable":true,"href":"https:\/\/calma.katorze.com\/index.php?rest_route=%2Fwp%2Fv2%2Fcomments&post=2"}],"version-history":[{"count":4,"href":"https:\/\/calma.katorze.com\/index.php?rest_route=\/wp\/v2\/pages\/2\/revisions"}],"predecessor-version":[{"id":14,"href":"https:\/\/calma.katorze.com\/index.php?rest_route=\/wp\/v2\/pages\/2\/revisions\/14"}],"wp:attachment":[{"href":"https:\/\/calma.katorze.com\/index.php?rest_route=%2Fwp%2Fv2%2Fmedia&parent=2"}],"curies":[{"name":"wp","href":"https:\/\/api.w.org\/{rel}","templated":true}]}}